{"id":419,"date":"2024-11-13T07:38:24","date_gmt":"2024-11-13T07:38:24","guid":{"rendered":"https:\/\/supertyrolaplagne.fr\/?page_id=419"},"modified":"2025-08-08T23:43:08","modified_gmt":"2025-08-08T21:43:08","slug":"legal-information","status":"publish","type":"page","link":"https:\/\/supertyrolaplagne.fr\/en\/legal-information\/","title":{"rendered":"Legal information"},"content":{"rendered":"\t\t<div data-elementor-type=\"wp-page\" data-elementor-id=\"419\" class=\"elementor elementor-419\" data-elementor-post-type=\"page\">\n\t\t\t\t<div class=\"elementor-element elementor-element-96d5ced e-con-full e-flex e-con e-parent\" data-id=\"96d5ced\" data-element_type=\"container\">\n\t\t<div class=\"elementor-element elementor-element-b58d0be e-flex e-con-boxed e-con e-child\" data-id=\"b58d0be\" data-element_type=\"container\" data-settings=\"{&quot;background_background&quot;:&quot;classic&quot;}\">\n\t\t\t\t\t<div class=\"e-con-inner\">\n\t\t<div class=\"elementor-element elementor-element-c1d02fc e-con-full e-flex e-con e-child\" data-id=\"c1d02fc\" data-element_type=\"container\">\n\t\t\t\t<div class=\"elementor-element elementor-element-ff67bf1 elementor-widget elementor-widget-heading\" data-id=\"ff67bf1\" data-element_type=\"widget\" data-widget_type=\"heading.default\">\n\t\t\t\t<div class=\"elementor-widget-container\">\n\t\t\t\t\t<h1 class=\"elementor-heading-title elementor-size-default\">Legal information<\/h1>\t\t\t\t<\/div>\n\t\t\t\t<\/div>\n\t\t\t\t<\/div>\n\t\t\t\t\t<\/div>\n\t\t\t\t<\/div>\n\t\t\t\t<\/div>\n\t\t<div class=\"elementor-element elementor-element-bab056b e-flex e-con-boxed e-con e-parent\" data-id=\"bab056b\" data-element_type=\"container\">\n\t\t\t\t\t<div class=\"e-con-inner\">\n\t\t\t\t<div class=\"elementor-element elementor-element-3d4958a elementor-widget elementor-widget-text-editor\" data-id=\"3d4958a\" data-element_type=\"widget\" data-widget_type=\"text-editor.default\">\n\t\t\t\t<div class=\"elementor-widget-container\">\n\t\t\t\t\t\t\t\t\t<h3>Site owner and manager supertyrolaplagne.fr<\/h3><p>S.A.S. FLYING FOX <br \/><strong>Registration address:<\/strong> Rue de la croix de Pierre, 73210, Peisey-Nancroix<br \/><strong>Email:<\/strong> supertyrolaplagne@gmail.com <br \/><strong>T\u00e9l.<\/strong> +33 (0) 6 51 21 01 73 <br \/><strong>SIREN:<\/strong> 953907227 <br \/><strong>Capital of :<\/strong> 5000 EUR <br \/><strong>VAT identification number:<\/strong> FR48953907227<\/p><h3>Site design and development supertyrolaplagne.fr<\/h3><p>Empat studio <br \/>Kry\u017eiok\u0173 sod\u0173 9-oji rue 192, Vilnius 08445 Lituanie <br \/>Phone: +37060824275 <br \/><a href=\"https:\/\/empat.studio\/\">https:\/\/empat.studio\/<\/a><\/p><h3>Photo credits<\/h3><p>JNJ PHOTO <br \/><a href=\"https:\/\/www.jnj-photo.fr\/\">https:\/\/www.jnj-photo.fr\/<\/a><\/p><p>OGTP JYM<\/p><p>LOLA CREPEL<br \/>crpllola@gmail.com\u00a0<\/p><h3>Website hosting supertyrolaplagne.fr<\/h3><p><span data-sheets-formula-bar-text-style=\"font-size:15px;color:#444746;font-weight:normal;text-decoration:none;font-family:'Arial';font-style:normal;text-decoration-skip-ink:none;\">Website : <\/span><a data-sheets-formula-bar-text-link=\"https:\/\/www.google.com\/url?q=https:\/\/www.hostinger.fr&amp;sa=D&amp;source=editors&amp;ust=1731688732801472&amp;usg=AOvVaw0jf_ae5lPQezPY8DziqAtK\" data-sheets-formula-bar-text-style=\"font-size:15px;color:#1155cc;font-weight:normal;text-decoration:underline;font-family:''Arial'';font-style:normal;text-decoration-skip-ink:none;\">https:\/\/www.hostinger.fr<\/a><\/p><p>Address : Hostinger International Ltd, 61\/3, rue Vystytio, Vilnius, Lituanie<br \/>Phone: +37064503378<\/p>\t\t\t\t\t\t\t\t<\/div>\n\t\t\t\t<\/div>\n\t\t\t\t\t<\/div>\n\t\t\t\t<\/div>\n\t\t\t\t<\/div>\n\t\t","protected":false},"excerpt":{"rendered":"<p>Legal information Site owner and manager supertyrolaplagne.fr S.A.S. FLYING FOX Registration address: Rue de la croix de Pierre, 73210, Peisey-NancroixEmail: supertyrolaplagne@gmail.com T\u00e9l. +33 (0) 6 51 21 01 73 SIREN: 953907227 Capital of : 5000 EUR VAT identification number: FR48953907227 Site design and development supertyrolaplagne.fr Empat studio Kry\u017eiok\u0173 sod\u0173 9-oji rue 192, Vilnius 08445 Lituanie [&hellip;]<\/p>\n","protected":false},"author":1,"featured_media":0,"parent":0,"menu_order":0,"comment_status":"closed","ping_status":"closed","template":"elementor_header_footer","meta":{"footnotes":""},"class_list":["post-419","page","type-page","status-publish","hentry"],"yoast_head":"<!-- This site is optimized with the Yoast SEO plugin v26.3 - https:\/\/yoast.com\/wordpress\/plugins\/seo\/ -->\n<title>Super Tyro La Plagne - 600 m. Zip line in La Plagne.<\/title>\n<meta name=\"description\" content=\"Winter and summer - unique adventure in La Plagne. Zip-line connecting Aime 2000 and Plagne center. Activity for both skiers and non skiers.\" \/>\n<meta name=\"robots\" content=\"index, follow, max-snippet:-1, max-image-preview:large, max-video-preview:-1\" \/>\n<link rel=\"canonical\" href=\"https:\/\/supertyrolaplagne.fr\/en\/legal-information\/\" \/>\n<meta property=\"og:locale\" content=\"en_US\" \/>\n<meta property=\"og:type\" content=\"article\" \/>\n<meta property=\"og:title\" content=\"Super Tyro La Plagne - 600 m. Zip line in La Plagne.\" \/>\n<meta property=\"og:description\" content=\"Winter and summer - unique adventure in La Plagne. Zip-line connecting Aime 2000 and Plagne center. Activity for both skiers and non skiers.\" \/>\n<meta property=\"og:url\" content=\"https:\/\/supertyrolaplagne.fr\/en\/legal-information\/\" \/>\n<meta property=\"og:site_name\" content=\"supertyrolaplagne.fr\" \/>\n<meta property=\"article:publisher\" content=\"https:\/\/www.facebook.com\/supertyrolaplagne\" \/>\n<meta property=\"article:modified_time\" content=\"2025-08-08T21:43:08+00:00\" \/>\n<meta property=\"og:image\" content=\"https:\/\/supertyrolaplagne.fr\/wp-content\/uploads\/2024\/12\/Untitled-design.jpg\" \/>\n\t<meta property=\"og:image:width\" content=\"2160\" \/>\n\t<meta property=\"og:image:height\" content=\"2160\" \/>\n\t<meta property=\"og:image:type\" content=\"image\/jpeg\" \/>\n<meta name=\"twitter:card\" content=\"summary_large_image\" \/>\n<meta name=\"twitter:label1\" content=\"Est. reading time\" \/>\n\t<meta name=\"twitter:data1\" content=\"1 minute\" \/>\n<script type=\"application\/ld+json\" class=\"yoast-schema-graph\">{\"@context\":\"https:\/\/schema.org\",\"@graph\":[{\"@type\":\"WebPage\",\"@id\":\"https:\/\/supertyrolaplagne.fr\/en\/legal-information\/\",\"url\":\"https:\/\/supertyrolaplagne.fr\/en\/legal-information\/\",\"name\":\"Super Tyro La Plagne - 600 m. Zip line in La Plagne.\",\"isPartOf\":{\"@id\":\"https:\/\/supertyrolaplagne.fr\/#website\"},\"datePublished\":\"2024-11-13T07:38:24+00:00\",\"dateModified\":\"2025-08-08T21:43:08+00:00\",\"description\":\"Winter and summer - unique adventure in La Plagne. Zip-line connecting Aime 2000 and Plagne center. Activity for both skiers and non skiers.\",\"breadcrumb\":{\"@id\":\"https:\/\/supertyrolaplagne.fr\/en\/legal-information\/#breadcrumb\"},\"inLanguage\":\"en-US\",\"potentialAction\":[{\"@type\":\"ReadAction\",\"target\":[\"https:\/\/supertyrolaplagne.fr\/en\/legal-information\/\"]}]},{\"@type\":\"BreadcrumbList\",\"@id\":\"https:\/\/supertyrolaplagne.fr\/en\/legal-information\/#breadcrumb\",\"itemListElement\":[{\"@type\":\"ListItem\",\"position\":1,\"name\":\"Home\",\"item\":\"https:\/\/supertyrolaplagne.fr\/en\/\"},{\"@type\":\"ListItem\",\"position\":2,\"name\":\"Legal information\"}]},{\"@type\":\"WebSite\",\"@id\":\"https:\/\/supertyrolaplagne.fr\/#website\",\"url\":\"https:\/\/supertyrolaplagne.fr\/\",\"name\":\"supertyrolaplagne.fr\",\"description\":\"Une aventure unique \u00e0 La Plagne\",\"publisher\":{\"@id\":\"https:\/\/supertyrolaplagne.fr\/#organization\"},\"potentialAction\":[{\"@type\":\"SearchAction\",\"target\":{\"@type\":\"EntryPoint\",\"urlTemplate\":\"https:\/\/supertyrolaplagne.fr\/?s={search_term_string}\"},\"query-input\":{\"@type\":\"PropertyValueSpecification\",\"valueRequired\":true,\"valueName\":\"search_term_string\"}}],\"inLanguage\":\"en-US\"},{\"@type\":\"Organization\",\"@id\":\"https:\/\/supertyrolaplagne.fr\/#organization\",\"name\":\"Super Tyro La Plagne\",\"url\":\"https:\/\/supertyrolaplagne.fr\/\",\"logo\":{\"@type\":\"ImageObject\",\"inLanguage\":\"en-US\",\"@id\":\"https:\/\/supertyrolaplagne.fr\/#\/schema\/logo\/image\/\",\"url\":\"https:\/\/supertyrolaplagne.fr\/wp-content\/uploads\/2024\/12\/Untitled-design.jpg\",\"contentUrl\":\"https:\/\/supertyrolaplagne.fr\/wp-content\/uploads\/2024\/12\/Untitled-design.jpg\",\"width\":2160,\"height\":2160,\"caption\":\"Super Tyro La Plagne\"},\"image\":{\"@id\":\"https:\/\/supertyrolaplagne.fr\/#\/schema\/logo\/image\/\"},\"sameAs\":[\"https:\/\/www.facebook.com\/supertyrolaplagne\",\"https:\/\/www.instagram.com\/supertyrolaplagne\/\"]}]}<\/script>\n<!-- \/ Yoast SEO plugin. -->","yoast_head_json":{"title":"Super Tyro La Plagne - 600 m. Zip line in La Plagne.","description":"Winter and summer - unique adventure in La Plagne. Zip-line connecting Aime 2000 and Plagne center. Activity for both skiers and non skiers.","robots":{"index":"index","follow":"follow","max-snippet":"max-snippet:-1","max-image-preview":"max-image-preview:large","max-video-preview":"max-video-preview:-1"},"canonical":"https:\/\/supertyrolaplagne.fr\/en\/legal-information\/","og_locale":"en_US","og_type":"article","og_title":"Super Tyro La Plagne - 600 m. Zip line in La Plagne.","og_description":"Winter and summer - unique adventure in La Plagne. Zip-line connecting Aime 2000 and Plagne center. Activity for both skiers and non skiers.","og_url":"https:\/\/supertyrolaplagne.fr\/en\/legal-information\/","og_site_name":"supertyrolaplagne.fr","article_publisher":"https:\/\/www.facebook.com\/supertyrolaplagne","article_modified_time":"2025-08-08T21:43:08+00:00","og_image":[{"width":2160,"height":2160,"url":"https:\/\/supertyrolaplagne.fr\/wp-content\/uploads\/2024\/12\/Untitled-design.jpg","type":"image\/jpeg"}],"twitter_card":"summary_large_image","twitter_misc":{"Est. reading time":"1 minute"},"schema":{"@context":"https:\/\/schema.org","@graph":[{"@type":"WebPage","@id":"https:\/\/supertyrolaplagne.fr\/en\/legal-information\/","url":"https:\/\/supertyrolaplagne.fr\/en\/legal-information\/","name":"Super Tyro La Plagne - 600 m. Zip line in La Plagne.","isPartOf":{"@id":"https:\/\/supertyrolaplagne.fr\/#website"},"datePublished":"2024-11-13T07:38:24+00:00","dateModified":"2025-08-08T21:43:08+00:00","description":"Winter and summer - unique adventure in La Plagne. Zip-line connecting Aime 2000 and Plagne center. Activity for both skiers and non skiers.","breadcrumb":{"@id":"https:\/\/supertyrolaplagne.fr\/en\/legal-information\/#breadcrumb"},"inLanguage":"en-US","potentialAction":[{"@type":"ReadAction","target":["https:\/\/supertyrolaplagne.fr\/en\/legal-information\/"]}]},{"@type":"BreadcrumbList","@id":"https:\/\/supertyrolaplagne.fr\/en\/legal-information\/#breadcrumb","itemListElement":[{"@type":"ListItem","position":1,"name":"Home","item":"https:\/\/supertyrolaplagne.fr\/en\/"},{"@type":"ListItem","position":2,"name":"Legal information"}]},{"@type":"WebSite","@id":"https:\/\/supertyrolaplagne.fr\/#website","url":"https:\/\/supertyrolaplagne.fr\/","name":"supertyrolaplagne.fr","description":"Une aventure unique \u00e0 La Plagne","publisher":{"@id":"https:\/\/supertyrolaplagne.fr\/#organization"},"potentialAction":[{"@type":"SearchAction","target":{"@type":"EntryPoint","urlTemplate":"https:\/\/supertyrolaplagne.fr\/?s={search_term_string}"},"query-input":{"@type":"PropertyValueSpecification","valueRequired":true,"valueName":"search_term_string"}}],"inLanguage":"en-US"},{"@type":"Organization","@id":"https:\/\/supertyrolaplagne.fr\/#organization","name":"Super Tyro La Plagne","url":"https:\/\/supertyrolaplagne.fr\/","logo":{"@type":"ImageObject","inLanguage":"en-US","@id":"https:\/\/supertyrolaplagne.fr\/#\/schema\/logo\/image\/","url":"https:\/\/supertyrolaplagne.fr\/wp-content\/uploads\/2024\/12\/Untitled-design.jpg","contentUrl":"https:\/\/supertyrolaplagne.fr\/wp-content\/uploads\/2024\/12\/Untitled-design.jpg","width":2160,"height":2160,"caption":"Super Tyro La Plagne"},"image":{"@id":"https:\/\/supertyrolaplagne.fr\/#\/schema\/logo\/image\/"},"sameAs":["https:\/\/www.facebook.com\/supertyrolaplagne","https:\/\/www.instagram.com\/supertyrolaplagne\/"]}]}},"_links":{"self":[{"href":"https:\/\/supertyrolaplagne.fr\/en\/wp-json\/wp\/v2\/pages\/419","targetHints":{"allow":["GET"]}}],"collection":[{"href":"https:\/\/supertyrolaplagne.fr\/en\/wp-json\/wp\/v2\/pages"}],"about":[{"href":"https:\/\/supertyrolaplagne.fr\/en\/wp-json\/wp\/v2\/types\/page"}],"author":[{"embeddable":true,"href":"https:\/\/supertyrolaplagne.fr\/en\/wp-json\/wp\/v2\/users\/1"}],"replies":[{"embeddable":true,"href":"https:\/\/supertyrolaplagne.fr\/en\/wp-json\/wp\/v2\/comments?post=419"}],"version-history":[{"count":11,"href":"https:\/\/supertyrolaplagne.fr\/en\/wp-json\/wp\/v2\/pages\/419\/revisions"}],"predecessor-version":[{"id":1401,"href":"https:\/\/supertyrolaplagne.fr\/en\/wp-json\/wp\/v2\/pages\/419\/revisions\/1401"}],"wp:attachment":[{"href":"https:\/\/supertyrolaplagne.fr\/en\/wp-json\/wp\/v2\/media?parent=419"}],"curies":[{"name":"wp","href":"https:\/\/api.w.org\/{rel}","templated":true}]}}